{"id":52,"date":"2019-10-06T19:54:01","date_gmt":"2019-10-06T19:54:01","guid":{"rendered":"http:\/\/schneiders-handelsagentur.de\/?page_id=52"},"modified":"2026-03-16T03:31:43","modified_gmt":"2026-03-16T03:31:43","slug":"aktuelle-kaufgesuche","status":"publish","type":"page","link":"http:\/\/schneiders-handelsagentur.de\/?page_id=52","title":{"rendered":"aktuelle Kaufgesuche"},"content":{"rendered":"\n<p class=\"has-luminous-vivid-orange-background-color has-background\"><\/p>\n\n\n\n<p><strong>Beh\u00e4lter und Tanks in Edelstahl, stehend und liegend in allen Gr\u00f6\u00dfen<\/strong><\/p>\n\n\n\n<p><strong>Beh\u00e4lter und Tanks in Aluminium in allen Gr\u00f6\u00dfen<\/strong><\/p>\n\n\n\n<p><strong>Filter: Schichten-, Kombi- und Kieselgurfilter<\/strong><\/p>\n\n\n\n<p><strong>Sudh\u00e4user<\/strong> <\/p>\n\n\n\n<p><strong>KEG F\u00e4sser, s\u00e4mtlicher Hersteller in allen Gr\u00f6\u00dfen<\/strong><\/p>\n\n\n\n<p><strong>KEG Anlagen<\/strong><\/p>\n\n\n\n<p><strong>Holzf\u00e4sser in allen Gr\u00f6\u00dfen<\/strong><\/p>\n\n\n\n<p><strong>Edelstahlrohre und Armaturen<\/strong><\/p>\n\n\n\n<p><strong>altes Brauereiinventar<\/strong><\/p>\n\n\n\n<div class=\"wp-block-image is-style-rounded\"><figure class=\"aligncenter size-large is-resized\"><img loading=\"lazy\" src=\"http:\/\/schneiders-handelsagentur.de\/wp-content\/uploads\/2020\/05\/IMG_20200129_110830-768x1024.jpg\" alt=\"\" class=\"wp-image-285\" width=\"221\" height=\"295\" srcset=\"http:\/\/schneiders-handelsagentur.de\/wp-content\/uploads\/2020\/05\/IMG_20200129_110830-768x1024.jpg 768w, http:\/\/schneiders-handelsagentur.de\/wp-content\/uploads\/2020\/05\/IMG_20200129_110830-225x300.jpg 225w, http:\/\/schneiders-handelsagentur.de\/wp-content\/uploads\/2020\/05\/IMG_20200129_110830-1152x1536.jpg 1152w, http:\/\/schneiders-handelsagentur.de\/wp-content\/uploads\/2020\/05\/IMG_20200129_110830-1536x2048.jpg 1536w, http:\/\/schneiders-handelsagentur.de\/wp-content\/uploads\/2020\/05\/IMG_20200129_110830-600x800.jpg 600w, http:\/\/schneiders-handelsagentur.de\/wp-content\/uploads\/2020\/05\/IMG_20200129_110830-scaled.jpg 1920w\" sizes=\"(max-width: 221px) 100vw, 221px\" \/><\/figure><\/div>\n\n\n\n<p class=\"has-luminous-vivid-orange-background-color has-background\"><\/p>\n\n\n\n<p style=\"font-size:19px\">Angebote gerne per Mail: <strong><em>info@schneiders-handelsagentur.de<\/em><\/strong> oder telefonisch unter <strong><em>0176 244 66 748<\/em><\/strong> Herr Walter<\/p>\n","protected":false},"excerpt":{"rendered":"<p>Beh\u00e4lter und Tanks in Edelstahl, stehend und liegend in allen Gr\u00f6\u00dfen Beh\u00e4lter und Tanks in Aluminium in allen Gr\u00f6\u00dfen Filter: Schichten-, Kombi- und Kieselgurfilter Sudh\u00e4user KEG F\u00e4sser, s\u00e4mtlicher Hersteller in allen Gr\u00f6\u00dfen KEG Anlagen Holzf\u00e4sser in allen Gr\u00f6\u00dfen Edelstahlrohre und Armaturen altes Brauereiinventar Angebote gerne per Mail: info@schneiders-handelsagentur.de oder telefonisch unter 0176 244 66 748&hellip; <\/p>\n<p><a class=\"moretag\" href=\"http:\/\/schneiders-handelsagentur.de\/?page_id=52\">Read the full article<\/a><\/p>\n","protected":false},"author":1,"featured_media":0,"parent":0,"menu_order":3,"comment_status":"closed","ping_status":"closed","template":"","meta":[],"_links":{"self":[{"href":"http:\/\/schneiders-handelsagentur.de\/index.php?rest_route=\/wp\/v2\/pages\/52"}],"collection":[{"href":"http:\/\/schneiders-handelsagentur.de\/index.php?rest_route=\/wp\/v2\/pages"}],"about":[{"href":"http:\/\/schneiders-handelsagentur.de\/index.php?rest_route=\/wp\/v2\/types\/page"}],"author":[{"embeddable":true,"href":"http:\/\/schneiders-handelsagentur.de\/index.php?rest_route=\/wp\/v2\/users\/1"}],"replies":[{"embeddable":true,"href":"http:\/\/schneiders-handelsagentur.de\/index.php?rest_route=%2Fwp%2Fv2%2Fcomments&post=52"}],"version-history":[{"count":5,"href":"http:\/\/schneiders-handelsagentur.de\/index.php?rest_route=\/wp\/v2\/pages\/52\/revisions"}],"predecessor-version":[{"id":579,"href":"http:\/\/schneiders-handelsagentur.de\/index.php?rest_route=\/wp\/v2\/pages\/52\/revisions\/579"}],"wp:attachment":[{"href":"http:\/\/schneiders-handelsagentur.de\/index.php?rest_route=%2Fwp%2Fv2%2Fmedia&parent=52"}],"curies":[{"name":"wp","href":"https:\/\/api.w.org\/{rel}","templated":true}]}}